{"id":15,"date":"2025-01-13T19:17:01","date_gmt":"2025-01-13T18:17:01","guid":{"rendered":"http:\/\/mojaszansa.7cubes.pl\/?page_id=15"},"modified":"2025-01-13T19:17:01","modified_gmt":"2025-01-13T18:17:01","slug":"slownik-pojec","status":"publish","type":"page","link":"http:\/\/mojaszansa.7cubes.pl\/?page_id=15","title":{"rendered":"S\u0141OWNIK POJ\u0118\u0106"},"content":{"rendered":"\n<p><strong>WYJA\u015aNIENIE POJ\u0118\u0106<\/strong><\/p>\n\n\n\n<p><strong>Projekt<\/strong> &#8211; \u201eMoja szansa na zatrudnienie\u201d realizowany na terenie wojew\u00f3dztwa mazowieckiego w ramach Programu Fundusze Europejskie dla Mazowsza 2021-2027 wsp\u00f3\u0142finansowanego ze \u015brodk\u00f3w Europejskiego Funduszu Spo\u0142ecznego Plus w ramach konkursu nr FEMA.08.01-IP.01-025\/24, og\u0142oszonego w ramach Osi Priorytetowej VIII Fundusze Europejskie dla aktywnej integracji oraz rozwoju us\u0142ug spo\u0142ecznych i zdrowotnych na Mazowszu; Dzia\u0142anie 8.1\u00a0 Aktywizacja spo\u0142eczna<br>i zawodowa.<\/p>\n\n\n\n<p><strong>Projektodawca<\/strong> -7 Cubes Sp. z o.o. ul. Mokotowska 15A lok. 1B, 00-640 Warszawa, zwany r\u00f3wnie\u017c Realizatorem b\u0105d\u017a Organizatorem.<\/p>\n\n\n\n<p><strong>Partner<\/strong> \u2013 Forum Aktywno\u015bci Spo\u0142ecznej ul. Jana Wasilkowskiego 11, 02-776 Warszawa.<\/p>\n\n\n\n<p><strong>Instytucja Zarz\u0105dzaj\u0105ca<\/strong> \u2013 Zarz\u0105d Wojew\u00f3dztwa Mazowieckiego b\u0119d\u0105cy Instytucj\u0105 Zarz\u0105dzaj\u0105c\u0105 Funduszami Europejskimi dla Mazowsza 2021-2027.<\/p>\n\n\n\n<p><strong>Kandydat\/-ka na Uczestnika\/-czk\u0119 Projektu<\/strong>&nbsp; \u2013 osoba fizyczna (kobieta lub m\u0119\u017cczyzna), kt\u00f3ra z\u0142o\u017cy\u0142a dokumenty rekrutacyjne wymagane na etapie rekrutacji, wskazane w niniejszym Regulaminie.<\/p>\n\n\n\n<p><strong>Uczestnik\/-czka Projektu<\/strong> \u2013 Kandydat, kt\u00f3ry zosta\u0142 zakwalifikowany do projektu, podpisa\u0142 umow\u0119 uczestnictwa i dostarczy\u0142 wszelkie wymagane dokumenty rekrutacyjne i skorzysta\u0142 z co najmniej jednej formy wsparcia w ramach projektu.<\/p>\n\n\n\n<p><strong>Koordynator Projektu<\/strong> \u2013 oznacza osob\u0119 oceniaj\u0105c\u0105 Kwestionariusze zg\u0142oszeniowe i dokonuj\u0105c\u0105 kwalifikacji Uczestnik\u00f3w Projektu.<\/p>\n\n\n\n<p><strong>Umowa uczestnictwa w projekcie <\/strong>\u2013 oznacza to umow\u0119 zawieran\u0105 pomi\u0119dzy Uczestnikiem\/ Uczestniczk\u0105 projektu i Realizatorem projektu&nbsp; okre\u015blaj\u0105c\u0105 warunki Uczestnictwa w projekcie, m.in. rodzaj, miejsce i okres realizowanego wsparcia oraz zasady dot. zwrotu koszt\u00f3w dojazdu.<\/p>\n\n\n\n<p><strong>Osoba niepe\u0142nosprawna<\/strong> \u2013 osoba niepe\u0142nosprawna w rozumieniu przepis\u00f3w ustawy z dnia 27 sierpnia 1997 r. o rehabilitacji zawodowej i spo\u0142ecznej oraz zatrudnieniu os\u00f3b niepe\u0142nosprawnych (Dz.U.&nbsp; z 2021 r. poz. 573, z p\u00f3\u017an. zm.) lub osoba z zaburzeniami psychicznymi, w rozumieniu ustawy z dnia 19 sierpnia 1994 r. o ochronie zdrowia psychicznego (t.j. Dz.U. z 2022r. poz. 2123), tj. osoby z odpowiednim orzeczeniem lub innym dokumentem po\u015bwiadczaj\u0105cym stan zdrowia.<\/p>\n\n\n\n<p><strong>Dzie\u0144 przyst\u0105pienia do projektu\/rozpocz\u0119cia udzia\u0142u w projekcie<\/strong> \u2013 dzie\u0144 podpisania umowy uczestnictwa i jednocze\u015bnie dzie\u0144 pierwszej formy wsparcia.<\/p>\n\n\n\n<p><strong>Miejsce zamieszkania<\/strong> \u2013 w rozumieniu art. 25 Kodeksu Cywilnego \u2013 miejscowo\u015b\u0107, w kt\u00f3rej dana osoba przebywa z zamiarem sta\u0142ego pobytu.<\/p>\n\n\n\n<p><strong>Osoba bezrobotna<\/strong> &#8211; osoba pozostaj\u0105ca bez pracy, gotowa do podj\u0119cia pracy i aktywnie poszukuj\u0105ca zatrudnienia. Definicja ta uwzgl\u0119dnia wszystkie osoby zarejestrowane jako bezrobotne zgodnie z krajow\u0105 definicj\u0105, nawet je\u017celi nie spe\u0142niaj\u0105 one wszystkich trzech kryteri\u00f3w wskazanych wy\u017cej. Osoby kwalifikuj\u0105ce si\u0119 do urlopu macierzy\u0144skiego lub rodzicielskiego, kt\u00f3re s\u0105 bezrobotne w rozumieniu niniejszej definicji (nie pobieraj\u0105 \u015bwiadcze\u0144 z tytu\u0142u urlopu), nale\u017cy wykazywa\u0107 r\u00f3wnie\u017c jako osoby bezrobotne. Osoby aktywnie poszukuj\u0105ce zatrudnienia to osoby zarejestrowane w urz\u0119dzie pracy jako bezrobotne lub poszukuj\u0105ce pracy lub niezarejestrowane, lecz spe\u0142niaj\u0105ce powy\u017csze przes\u0142anki, tj. gotowo\u015b\u0107 do podj\u0119cia pracy i aktywne poszukiwanie zatrudnienia.<\/p>\n\n\n\n<p><strong>Osoba d\u0142ugotrwale bezrobotna<\/strong> \u2013 oznacza to osob\u0119 bezrobotn\u0105 pozostaj\u0105c\u0105 w rejestrze PUP przez okres ponad 12 miesi\u0119cy w okresie ostatnich 2 lat, z wy\u0142\u0105czeniem okres\u00f3w odbywania sta\u017cu i przygotowania zawodowego doros\u0142ych.<\/p>\n\n\n\n<p><strong>Osoba bierna zawodowo<\/strong> \u2013 oznacza to osob\u0119, kt\u00f3ra w danej chwili nie tworzy zasob\u00f3w si\u0142y roboczej (tzn. nie jest osob\u0105 pracuj\u0105c\u0105 ani bezrobotn\u0105). Za osoby bierne zawodowo uznawani s\u0105 m.in.:<\/p>\n\n\n\n<p>&#8211; Studenci studi\u00f3w stacjonarnych, chyba \u017ce s\u0105 ju\u017c zatrudnieni (r\u00f3wnie\u017c na cz\u0119\u015b\u0107 etatu) to w\u00f3wczas powinni by\u0107 wykazywani jako osoby pracuj\u0105ce;<\/p>\n\n\n\n<p>&#8211; Dzieci i m\u0142odzie\u017c do 18 r. \u017c. Pobieraj\u0105cy nauk\u0119 o ile nie spe\u0142niaj\u0105 przes\u0142anek na podstawie, kt\u00f3rych mo\u017cna je zaliczy\u0107 do os\u00f3b bezrobotnych lub pracuj\u0105cych;<\/p>\n\n\n\n<p>&#8211; Doktoranci, kt\u00f3rzy nie s\u0105 zatrudnieni na uczelni, w innej instytucji lub przedsi\u0119biorstwie.<\/p>\n\n\n\n<p>&#8211; W przypadku, gdy doktorant wykonuje obowi\u0105zki s\u0142u\u017cbowe, za kt\u00f3re otrzymuje wynagrodzenie lub prowadzi dzia\u0142alno\u015b\u0107 gospodarcz\u0105 nale\u017cy traktowa\u0107 go jako osob\u0119 pracuj\u0105c\u0105. W przypadku, gdy doktorant jest zarejestrowany jako bezrobotny, nale\u017cy go wykaza\u0107 we wska\u017aniku dotycz\u0105cym os\u00f3b bezrobotnych.<\/p>\n\n\n\n<p><strong>Wiek uczestnik\u00f3w projekt\u00f3w<\/strong> &#8211; okre\u015blany na podstawie daty urodzenia i ustalany w dniu rozpocz\u0119cia udzia\u0142u w projekcie za okazaniem Dowodu Osobistego<\/p>\n\n\n\n<p><strong>Osoba znajduj\u0105ca si\u0119 w lepszej sytuacji na rynku pracy<\/strong> \u2013 oznacza osob\u0119, kt\u00f3rej sytuacja na rynku pracy uleg\u0142a poprawie w wyniku udzia\u0142u w projekcie w zakresie godzenia \u017cycia zawodowego i spo\u0142ecznego. Poprzez popraw\u0119 sytuacji na rynku pracy nale\u017cy rozumie\u0107 w szczeg\u00f3lno\u015bci: podj\u0119cie pracy lub powr\u00f3t na rynek pracy po przerwie zwi\u0105zanej z urodzeniem\/wychowaniem dziecka lub popraw\u0119 warunk\u00f3w pracy lub przej\u015bcie z niepewnego do stabilnego zatrudnienia lub przej\u015bcie z niepe\u0142nego zatrudnienia do pe\u0142nego zatrudnienia lub zmiana stanowiska pracy na wymagaj\u0105ce wy\u017cszych kompetencji\/umiej\u0119tno\u015bci\/kwalifikacji, wi\u0105\u017c\u0105ce si\u0119 z wi\u0119ksz\u0105 odpowiedzialno\u015bci\u0105 lub otrzymanie awansu lub podwy\u017cszenie wynagrodzenia powy\u017cej rocznej stopy inflacji p\u0142ac w kraju, do 4 tygodni po zako\u0144czeniu udzia\u0142u w projekcie EFS+.<\/p>\n\n\n\n<p><strong>Osoba wykluczona spo\u0142ecznie, zagro\u017cona wykluczeniem\/ub\u00f3stwem:<\/strong><\/p>\n\n\n\n<p>a) osoby lub rodziny korzystaj\u0105ce ze \u015bwiadcze\u0144 z pomocy spo\u0142ecznej zgodnie z ustaw\u0105 z dnia 12 marca 2004 r. o pomocy spo\u0142ecznej lub kwalifikuj\u0105ce si\u0119 do obj\u0119cia wsparciem pomocy spo\u0142ecznej, tj. spe\u0142niaj\u0105ce co najmniej jedn\u0105 z przes\u0142anek okre\u015blonych w art. 7 ustawy z dnia 12 marca 2004 r. o pomocy spo\u0142ecznej;<\/p>\n\n\n\n<p>b) osoby, o kt\u00f3rych mowa w art. 1 ust. 2 ustawy z dnia 13 czerwca 2003 r. o zatrudnieniu socjalnym;<\/p>\n\n\n\n<p>c) osoby przebywaj\u0105ce w pieczy zast\u0119pczej lub opuszczaj\u0105ce piecz\u0119 zast\u0119pcz\u0105 oraz rodziny prze\u017cywaj\u0105ce trudno\u015bci w pe\u0142nieniu funkcji opieku\u0144czo-wychowawczych, o kt\u00f3rych mowa w ustawie z dnia 9 czerwca 2011 r. o wspieraniu rodziny i systemie pieczy zast\u0119pczej;<\/p>\n\n\n\n<p>d) osoby nieletnie, wobec kt\u00f3rych zastosowano \u015brodki zapobiegania i zwalczania demoralizacji i przest\u0119pczo\u015bci zgodnie z ustaw\u0105 z dnia 26 pa\u017adziernika 1982 r. o post\u0119powaniu w sprawach nieletnich (Dz. U. z 2018 r. poz. 969);<\/p>\n\n\n\n<p>e) osoby przebywaj\u0105ce w m\u0142odzie\u017cowych o\u015brodkach wychowawczych i m\u0142odzie\u017cowych o\u015brodkach socjoterapii, o kt\u00f3rych mowa w ustawie z dnia 7 wrze\u015bnia 1991 r. o systemie o\u015bwiaty (Dz. U. z 2018 r. poz. 1457, z p\u00f3\u017an. zm.);<\/p>\n\n\n\n<p>f) osoby z niepe\u0142nosprawno\u015bci\u0105 \u2013 osoby z niepe\u0142nosprawno\u015bci\u0105 w rozumieniu wytycznych ministra w\u0142a\u015bciwego ds. rozwoju regionalnego dotycz\u0105cych realizacji zasad r\u00f3wno\u015bciowych w ramach funduszy unijnych na lata 2021-2027 lub ucze\u0144 albo dziecko lub dzieci i m\u0142odzie\u017c posiadaj\u0105ca orzeczenia<br>o potrzebie zaj\u0119\u0107 rewalidacyjno-wychowawczych wydawane ze wzgl\u0119du na niepe\u0142nosprawno\u015b\u0107 intelektualn\u0105 w stopniu g\u0142\u0119bokim, orzeczenia uczni\u00f3w, dzieci lub m\u0142odzie\u017cy wydawane s\u0105 przez zesp\u00f3\u0142 orzekaj\u0105cy dzia\u0142aj\u0105cy w publicznej poradni psychologiczno-pedagogicznej, w tym poradni specjalistycznej,<\/p>\n\n\n\n<p>g) cz\u0142onkowie gospodarstw domowych sprawuj\u0105cy opiek\u0119 nad osob\u0105 z niepe\u0142nosprawno\u015bci\u0105, o ile co najmniej jeden z nich nie pracuje ze wzgl\u0119du na konieczno\u015b\u0107 sprawowania opieki nad osob\u0105 z niepe\u0142nosprawno\u015bci\u0105;<\/p>\n\n\n\n<p>h) osoby potrzebuj\u0105ce wsparcia w codziennym funkcjonowaniu;<\/p>\n\n\n\n<p>i) osoby bezdomne lub dotkni\u0119te wykluczeniem z dost\u0119pu do mieszka\u0144 w rozumieniu Wytycznych dotycz\u0105cych realizacji projekt\u00f3w z udzia\u0142em \u015brodk\u00f3w EFS+ w regionalnych programach na lata 2021-2027<\/p>\n\n\n\n<p>j) osoby odbywaj\u0105ce kary pozbawienia wolno\u015bci;<\/p>\n\n\n\n<p>k) osoby korzystaj\u0105ce z PO P\u017b.<\/p>\n\n\n\n<p><strong>Osoba z wykszta\u0142ceniem co najwy\u017cej \u015brednim I stopnia (ISCED 0-2) \u2013<\/strong> to osoba, kt\u00f3rej najwy\u017cszy osi\u0105gni\u0119ty poziom wykszta\u0142cenia to wykszta\u0142cenie gimnazjalne lub podstawowe (8 klas szko\u0142y podstawowej) (poziom ISCED 0-2) zgodnie z Mi\u0119dzynarodow\u0105 Standardow\u0105 Klasyfikacj\u0105 Kszta\u0142cenia UNESCO, tj. Osoba uczestnicz\u0105ca we wczesnej edukacji (ISCED0), osoba, kt\u00f3ra uczestniczy lub zako\u0144czy\u0142a edukacj\u0119 najwy\u017cej na poziomie podstawowym (ISCED1-2) i osoba, kt\u00f3ra zako\u0144czy\u0142a edukacj\u0119 najwy\u017cej na poziomie gimnazjalnym (ISCED2), a tak\u017ce osoba, kt\u00f3ra nie osi\u0105gn\u0119\u0142a \u017cadnego poziomu wykszta\u0142cenia (ISCED 0);<\/p>\n\n\n\n<p><strong>Osoba z wykszta\u0142ceniem na poziomie \u015brednim II stopnia (ISCED 3) \u2013<\/strong> to osoba, kt\u00f3rej najwy\u017cszy osi\u0105gni\u0119ty poziom wykszta\u0142cenia to wykszta\u0142cenie \u015brednie II stopnia \u2013 czyli ponadgimnazjalne lub ponadpodstawowe (poziom ISCED 3) albo wykszta\u0142cenie policealne (ISCED4) zgodnie z Mi\u0119dzynarodow\u0105 Standardow\u0105 Klasyfikacj\u0105 Kszta\u0142cenia UNESCO;<\/p>\n\n\n\n<p><strong>Osoba z wykszta\u0142ceniem wy\u017cszym (ISCED 5-8) \u2013<\/strong> to osoba, kt\u00f3rej najwy\u017cszy poziom wykszta\u0142cenia to wykszta\u0142cenie wy\u017csze (ISCED 5-8), zgodnie z Mi\u0119dzynarodow\u0105 Standardow\u0105 Klasyfikacj\u0105 Kszta\u0142cenia UNESCO; rozpoczynaj\u0105c od na uko\u0144czonych studiach kr\u00f3tkiego cyklu (ISCED5), przez studia licencjackie i ich odpowiedniki (ISECE6), studia magisterskie i ich odpowiedniki (ISCED7) a\u017c po studia doktoranckie i ich odpowiedniki (ISCED8);<\/p>\n\n\n\n<p><\/p>\n","protected":false},"excerpt":{"rendered":"<p>WYJA\u015aNIENIE POJ\u0118\u0106 Projekt &#8211; \u201eMoja szansa na zatrudnienie\u201d realizowany na terenie wojew\u00f3dztwa mazowieckiego w ramach Programu Fundusze Europejskie dla Mazowsza 2021-2027 wsp\u00f3\u0142finansowanego ze \u015brodk\u00f3w Europejskiego Funduszu Spo\u0142ecznego Plus w ramach konkursu nr FEMA.08.01-IP.01-025\/24, og\u0142oszonego w ramach Osi Priorytetowej VIII Fundusze Europejskie dla aktywnej integracji oraz rozwoju us\u0142ug spo\u0142ecznych i zdrowotnych na Mazowszu; Dzia\u0142anie 8.1\u00a0 Aktywizacja [&hellip;]<\/p>\n","protected":false},"author":1,"featured_media":0,"parent":0,"menu_order":0,"comment_status":"closed","ping_status":"closed","template":"","meta":{"footnotes":""},"class_list":["post-15","page","type-page","status-publish","hentry"],"_links":{"self":[{"href":"http:\/\/mojaszansa.7cubes.pl\/index.php?rest_route=\/wp\/v2\/pages\/15","targetHints":{"allow":["GET"]}}],"collection":[{"href":"http:\/\/mojaszansa.7cubes.pl\/index.php?rest_route=\/wp\/v2\/pages"}],"about":[{"href":"http:\/\/mojaszansa.7cubes.pl\/index.php?rest_route=\/wp\/v2\/types\/page"}],"author":[{"embeddable":true,"href":"http:\/\/mojaszansa.7cubes.pl\/index.php?rest_route=\/wp\/v2\/users\/1"}],"replies":[{"embeddable":true,"href":"http:\/\/mojaszansa.7cubes.pl\/index.php?rest_route=%2Fwp%2Fv2%2Fcomments&post=15"}],"version-history":[{"count":1,"href":"http:\/\/mojaszansa.7cubes.pl\/index.php?rest_route=\/wp\/v2\/pages\/15\/revisions"}],"predecessor-version":[{"id":16,"href":"http:\/\/mojaszansa.7cubes.pl\/index.php?rest_route=\/wp\/v2\/pages\/15\/revisions\/16"}],"wp:attachment":[{"href":"http:\/\/mojaszansa.7cubes.pl\/index.php?rest_route=%2Fwp%2Fv2%2Fmedia&parent=15"}],"curies":[{"name":"wp","href":"https:\/\/api.w.org\/{rel}","templated":true}]}}