{"id":17,"date":"2025-01-13T19:19:04","date_gmt":"2025-01-13T18:19:04","guid":{"rendered":"http:\/\/mojaszansa.7cubes.pl\/?page_id=17"},"modified":"2025-01-27T12:58:36","modified_gmt":"2025-01-27T11:58:36","slug":"kontakt","status":"publish","type":"page","link":"http:\/\/mojaszansa.7cubes.pl\/?page_id=17","title":{"rendered":"KONTAKT"},"content":{"rendered":"\n<p class=\"has-light-gray-background-color has-background\"><strong>e-mail: <a href=\"mailto:mojaszansa@7cubes.pl\">mojaszansa@7cubes.pl <\/a><\/strong><br><strong>tel.: 574 199 362<\/strong><\/p>\n\n\n\n<p>Biuro projektu: <\/p>\n\n\n\n<p>ul. Jana Wasilkowskiego 11, 02-776 Warszawa<\/p>\n\n\n\n<p><strong>Masz pytania?<\/strong><\/p>\n\n\n\n<p><strong>Skorzystaj z poni\u017cszego formularza, z ch\u0119ci\u0105 pomo\u017cemy <\/strong><strong>\ud83d\ude42<\/strong><strong><\/strong><\/p>\n\n\n<div class=\"caldera-grid\" id=\"caldera_form_1\" data-cf-ver=\"1.9.7\" data-cf-form-id=\"CF678559a1195b1\"><div id=\"caldera_notices_1\" data-spinner=\"http:\/\/mojaszansa.7cubes.pl\/wp-admin\/images\/spinner.gif\"><\/div><form data-instance=\"1\" class=\"CF678559a1195b1 caldera_forms_form cfajax-trigger\" method=\"POST\" enctype=\"multipart\/form-data\" id=\"CF678559a1195b1_1\" data-form-id=\"CF678559a1195b1\" aria-label=\"kontaktowy\" data-target=\"#caldera_notices_1\" data-template=\"#cfajax_CF678559a1195b1-tmpl\" data-cfajax=\"CF678559a1195b1\" data-load-element=\"_parent\" data-load-class=\"cf_processing\" data-post-disable=\"0\" data-action=\"cf_process_ajax_submit\" data-request=\"http:\/\/mojaszansa.7cubes.pl\/?cf_api=CF678559a1195b1\" data-hiderows=\"true\">\r\n<input type=\"hidden\" id=\"_cf_verify_CF678559a1195b1\" name=\"_cf_verify\" value=\"97dab44ffd\"  data-nonce-time=\"1776484744\" \/><input type=\"hidden\" name=\"_wp_http_referer\" value=\"\/index.php?rest_route=%2Fwp%2Fv2%2Fpages%2F17\" \/><div id=\"cf2-CF678559a1195b1_1\"><\/div><input type=\"hidden\" name=\"_cf_frm_id\" value=\"CF678559a1195b1\">\r\n<input type=\"hidden\" name=\"_cf_frm_ct\" value=\"1\">\r\n<input type=\"hidden\" name=\"cfajax\" value=\"CF678559a1195b1\">\r\n<input type=\"hidden\" name=\"_cf_cr_pst\" value=\"17\">\r\n<div class=\"hide\" style=\"display:none; overflow:hidden;height:0;width:0;\">\r\n<label>Web Site<\/label><input type=\"text\" name=\"web_site\" value=\"\" autocomplete=\"off\">\r\n<\/div><div id=\"CF678559a1195b1_1-row-1\"  class=\"row  first_row\"><div  class=\"col-sm-6  first_col\"><div data-field-wrapper=\"fld_8768091\" class=\"form-group\" id=\"fld_8768091_1-wrap\">\r\n\t<label id=\"fld_8768091Label\" for=\"fld_8768091_1\" class=\"control-label\">IMI\u0118 <span aria-hidden=\"true\" role=\"presentation\" class=\"field_required\" style=\"color:#ee0000;\">*<\/span><\/label>\r\n\t<div class=\"\">\r\n\t\t<input   required type=\"text\" data-field=\"fld_8768091\" class=\" form-control\" id=\"fld_8768091_1\" name=\"fld_8768091\" value=\"\" data-type=\"text\" aria-required=\"true\"   aria-labelledby=\"fld_8768091Label\" >\t\t\t<\/div>\r\n<\/div>\r\n<div data-field-wrapper=\"fld_9970286\" class=\"form-group\" id=\"fld_9970286_1-wrap\">\r\n\t<label id=\"fld_9970286Label\" for=\"fld_9970286_1\" class=\"control-label\">NAZWISKO <span aria-hidden=\"true\" role=\"presentation\" class=\"field_required\" style=\"color:#ee0000;\">*<\/span><\/label>\r\n\t<div class=\"\">\r\n\t\t<input   required type=\"text\" data-field=\"fld_9970286\" class=\" form-control\" id=\"fld_9970286_1\" name=\"fld_9970286\" value=\"\" data-type=\"text\" aria-required=\"true\"   aria-labelledby=\"fld_9970286Label\" >\t\t\t<\/div>\r\n<\/div>\r\n<\/div><div  class=\"col-sm-6  last_col\"><div data-field-wrapper=\"fld_6009157\" class=\"form-group\" id=\"fld_6009157_1-wrap\">\r\n\t<label id=\"fld_6009157Label\" for=\"fld_6009157_1\" class=\"control-label\">ADRES EMAIL <span aria-hidden=\"true\" role=\"presentation\" class=\"field_required\" style=\"color:#ee0000;\">*<\/span><\/label>\r\n\t<div class=\"\">\r\n\t\t<input   required type=\"email\" data-field=\"fld_6009157\" class=\" form-control\" id=\"fld_6009157_1\" name=\"fld_6009157\" value=\"\" data-type=\"email\" aria-required=\"true\"   aria-labelledby=\"fld_6009157Label\" >\t\t\t<\/div>\r\n<\/div>\r\n<div data-field-wrapper=\"fld_9125749\" class=\"form-group\" id=\"fld_9125749_1-wrap\">\r\n\t<label id=\"fld_9125749Label\" for=\"fld_9125749_1\" class=\"control-label\">NR TELEFONU <span aria-hidden=\"true\" role=\"presentation\" class=\"field_required\" style=\"color:#ee0000;\">*<\/span><\/label>\r\n\t<div class=\"\">\r\n\t\t<input   required type=\"tel\" data-field=\"fld_9125749\" class=\" form-control\" id=\"fld_9125749_1\" name=\"fld_9125749\" value=\"\" data-type=\"phone_better\" aria-required=\"true\"   aria-labelledby=\"fld_9125749Label\" >\t\t\t<\/div>\r\n<\/div>\r\n<\/div><\/div><div id=\"CF678559a1195b1_1-row-2\"  class=\"row \"><div  class=\"col-sm-12  single\"><div data-field-wrapper=\"fld_7683514\" class=\"form-group\" id=\"fld_7683514_1-wrap\">\r\n\t<label id=\"fld_7683514Label\" for=\"fld_7683514_1\" class=\"control-label\">TRE\u015a\u0106 ZAPYTANIA <span aria-hidden=\"true\" role=\"presentation\" class=\"field_required\" style=\"color:#ee0000;\">*<\/span><\/label>\r\n\t<div class=\"\">\r\n\t\t<textarea name=\"fld_7683514\" value=\"\" data-field=\"fld_7683514\" class=\"form-control\" id=\"fld_7683514_1\" rows=\"7\"  required=\"required\"  aria-labelledby=\"fld_7683514Label\" ><\/textarea>\n\t\t\t<\/div>\r\n<\/div>\r\n<\/div><\/div><div id=\"CF678559a1195b1_1-row-3\"  class=\"row  last_row\"><div  class=\"col-sm-12  single\"><div data-field-wrapper=\"fld_7908577\" class=\"form-group\" id=\"fld_7908577_1-wrap\">\r\n<div class=\"\">\r\n\t<input  class=\"btn btn-default\" type=\"submit\" name=\"fld_7908577\" id=\"fld_7908577_1\" value=\"WY\u015aLIJ\" data-field=\"fld_7908577\"  >\n<\/div>\r\n<\/div>\r\n\t<input class=\"button_trigger_1\" type=\"hidden\" name=\"fld_7908577\" id=\"fld_7908577_1_btn\" value=\"\" data-field=\"fld_7908577\"  \/>\n<\/div><\/div><\/form>\r\n<\/div>\r\n\n","protected":false},"excerpt":{"rendered":"<p>e-mail: mojaszansa@7cubes.pl tel.: 574 199 362 Biuro projektu: ul. Jana Wasilkowskiego 11, 02-776 Warszawa Masz pytania? Skorzystaj z poni\u017cszego formularza, z ch\u0119ci\u0105 pomo\u017cemy \ud83d\ude42<\/p>\n","protected":false},"author":1,"featured_media":0,"parent":0,"menu_order":0,"comment_status":"closed","ping_status":"closed","template":"","meta":{"footnotes":""},"class_list":["post-17","page","type-page","status-publish","hentry"],"_links":{"self":[{"href":"http:\/\/mojaszansa.7cubes.pl\/index.php?rest_route=\/wp\/v2\/pages\/17","targetHints":{"allow":["GET"]}}],"collection":[{"href":"http:\/\/mojaszansa.7cubes.pl\/index.php?rest_route=\/wp\/v2\/pages"}],"about":[{"href":"http:\/\/mojaszansa.7cubes.pl\/index.php?rest_route=\/wp\/v2\/types\/page"}],"author":[{"embeddable":true,"href":"http:\/\/mojaszansa.7cubes.pl\/index.php?rest_route=\/wp\/v2\/users\/1"}],"replies":[{"embeddable":true,"href":"http:\/\/mojaszansa.7cubes.pl\/index.php?rest_route=%2Fwp%2Fv2%2Fcomments&post=17"}],"version-history":[{"count":3,"href":"http:\/\/mojaszansa.7cubes.pl\/index.php?rest_route=\/wp\/v2\/pages\/17\/revisions"}],"predecessor-version":[{"id":54,"href":"http:\/\/mojaszansa.7cubes.pl\/index.php?rest_route=\/wp\/v2\/pages\/17\/revisions\/54"}],"wp:attachment":[{"href":"http:\/\/mojaszansa.7cubes.pl\/index.php?rest_route=%2Fwp%2Fv2%2Fmedia&parent=17"}],"curies":[{"name":"wp","href":"https:\/\/api.w.org\/{rel}","templated":true}]}}