{"id":2,"date":"2025-01-13T18:56:12","date_gmt":"2025-01-13T17:56:12","guid":{"rendered":"http:\/\/mojaszansa.7cubes.pl\/?page_id=2"},"modified":"2025-01-13T19:00:56","modified_gmt":"2025-01-13T18:00:56","slug":"przykladowa-strona","status":"publish","type":"page","link":"http:\/\/mojaszansa.7cubes.pl\/","title":{"rendered":"O PROJEKCIE"},"content":{"rendered":"\n<p><strong>Firma 7 Cubes Sp. z o.o.<\/strong> w partnerstwie <strong>Forum Aktywno\u015bci Spo\u0142ecznej<\/strong> realizuje projekt \u201e<strong>Moja szansa za zatrudnienie\u201d nr FEMA.08.01-IP.01-03EP\/24<\/strong> na terenie RWS wojew\u00f3dztwa mazowieckiego&nbsp; (region Warszawski sto\u0142eczny obejmuje m. st. Warszaw\u0119 i 9 okolicznych powiat\u00f3w: grodziski, legionowski, mi\u0144ski, nowodworski, otwocki, piaseczy\u0144ski, pruszkowski, warszawski zachodni i wo\u0142omi\u0144ski).<\/p>\n\n\n\n<p>Projekt \u201e<strong>Moja szansa na zatrudnienie\u201d <\/strong>jest wsp\u00f3\u0142finansowany ze \u015brodk\u00f3w Europejskiego Funduszu Spo\u0142ecznego Plus w ramach Priorytetu VIII Fundusze Europejskie dla aktywnej integracji oraz rozwoju us\u0142ug spo\u0142ecznych i zawodowych na Mazowszu Dzia\u0142ania 8.1 Aktywizacja spo\u0142eczna i zawodowa programu Fundusze Europejskie dla Mazowsza 2021-2027<\/p>\n\n\n\n<p><strong><u>Cel g\u0142\u00f3wny projektu:<\/u><\/strong> <\/p>\n\n\n\n<p>poniesienie aktywno\u015bci spo\u0142eczno-zawodowej oraz zdolno\u015bci do zatrudnienia 40 os\u00f3b doros\u0142ych (24K\/16M,4ON), pozostaj\u0105cych bez zatrudnienia, zagro\u017conych ub\u00f3stwem lub wykluczeniem spo\u0142ecznym, zamieszkuj\u0105cych na obszarze RWS (Region Warszawski Sto\u0142eczny) w okresie 01.01.2025-30.11.2025r., poprzez skorzystanie ze zindywidualizowanego i kompleksowego wsparcia w projekcie, skutkuj\u0105cego popraw\u0105 sytuacji spo\u0142ecznej przez min. 36os., uzyskaniem kwalifikacji zawodowych przez min.36os., podj\u0119ciem zatrudnienia przez min.16os.oraz poszukiwaniem pracy przez min.8os.<\/p>\n\n\n\n<p><strong>Cele szczeg\u00f3\u0142owe projektu:<\/strong><\/p>\n\n\n\n<ul class=\"wp-block-list\">\n<li>Zdiagnozowanie potrzeby Uczestnik\u00f3w\/-czek Projektu i opracowanie indywidualnych plan\u00f3w wsparcia dla 40 Uczestnik\u00f3w\/-czek Projektu.<\/li>\n\n\n\n<li>Podniesienie samooceny i motywacji do zmian przez min.90% z 40 Uczestnik\u00f3w\/-czek Projektu.<\/li>\n\n\n\n<li>Nabycie\/podniesienie kompetencji spo\u0142ecznych przez min.90% z 40 Uczestnik\u00f3w\/-czek Projektu.<\/li>\n\n\n\n<li>Nabycie\/podniesienie kompetencji w zakresie poszukiwania zatrudnienia przez min.90% z 40 Uczestnik\u00f3w\/-czki Projektu.<\/li>\n\n\n\n<li>Nabycie kwalifikacji\/kompetencji zawodowych przez min.90% z 40 Uczestnik\u00f3w\/-czki Projektu.<\/li>\n\n\n\n<li>Nabycie do\u015bwiadczenia zawodowego odpowiadaj\u0105cego na potrzeby pracodawc\u00f3w RWS przez min.90% z 22 Uczestnik\u00f3w\/-czki Projektu. \u00a0<\/li>\n\n\n\n<li>Nawi\u0105zanie kontakt\u00f3w z lokalnymi pracodawcami przez min.90% z 40 Uczestnik\u00f3w\/-czek Projektu.<\/li>\n<\/ul>\n\n\n\n<p><strong>G\u0142\u00f3wne efekty\/rezultaty projektu:<\/strong><\/p>\n\n\n\n<ul class=\"wp-block-list\">\n<li>Liczba os\u00f3b z niepe\u0142nosprawno\u015bciami obj\u0119tych wsparciem w programie \u2013\u00a0 4 os. (3K\/1M)<\/li>\n\n\n\n<li>Liczba os\u00f3b biernych zawodowo obj\u0119tych wsparciem w programie \u2013\u00a0 12 os. (8K\/4M)<\/li>\n\n\n\n<li>Liczba os\u00f3b d\u0142ugotrwale bezrobotnych obj\u0119tych wsparciem w programie \u2013\u00a0 14 os. (9K\/5M)<\/li>\n\n\n\n<li>Liczba os\u00f3b niezatrudnionych obj\u0119tych wsparciem w programie \u2013\u00a0 40 os. (24K\/16M)<\/li>\n\n\n\n<li>Liczba os\u00f3b, kt\u00f3rych sytuacja spo\u0142eczna uleg\u0142a poprawie po opuszczeniu programu \u2013 36 os. (22K\/14M)<\/li>\n\n\n\n<li>Liczba os\u00f3b, kt\u00f3re uzyska\u0142y kwalifikacje po opuszczeniu programu \u2013 36 os. (22K\/14M)<\/li>\n\n\n\n<li>Liczba os\u00f3b poszukuj\u0105cych pracy po opuszczeniu programu \u2013 8 os. (5K\/3M)<\/li>\n\n\n\n<li>Liczba os\u00f3b pracuj\u0105cych, \u0142\u0105cznie z prowadz\u0105cymi dzia\u0142alno\u015b\u0107 na w\u0142asnych rachunek po opuszczeniu programu \u2013 16 os. (10K\/6M)<\/li>\n<\/ul>\n\n\n\n<p>Warto\u015b\u0107 projektu: 857\u00a0745, 83z\u0142<br>Kwota dofinansowania: 814\u00a0858, 53z\u0142 (\u015brodki europejskie 428\u00a0872, 92z\u0142; bud\u017cet pa\u0144stwa 385\u00a0985, 61z\u0142)<\/p>\n\n\n\n<p>Okres realizacji projektu: 01.01.2025- 30.11.2025<\/p>\n\n\n\n<p>#FunduszeUE #FunduszeEuropejskie<\/p>\n\n\n\n<p><a href=\"http:\/\/www.mapadotacji.gov.pl\/\" target=\"_blank\" rel=\"noreferrer noopener\"><strong>www.mapadotacji.gov.pl<\/strong><\/a><\/p>\n","protected":false},"excerpt":{"rendered":"<p>Firma 7 Cubes Sp. z o.o. w partnerstwie Forum Aktywno\u015bci Spo\u0142ecznej realizuje projekt \u201eMoja szansa za zatrudnienie\u201d nr FEMA.08.01-IP.01-03EP\/24 na terenie RWS wojew\u00f3dztwa mazowieckiego&nbsp; (region Warszawski sto\u0142eczny obejmuje m. st. Warszaw\u0119 i 9 okolicznych powiat\u00f3w: grodziski, legionowski, mi\u0144ski, nowodworski, otwocki, piaseczy\u0144ski, pruszkowski, warszawski zachodni i wo\u0142omi\u0144ski). Projekt \u201eMoja szansa na zatrudnienie\u201d jest wsp\u00f3\u0142finansowany ze \u015brodk\u00f3w [&hellip;]<\/p>\n","protected":false},"author":1,"featured_media":0,"parent":0,"menu_order":0,"comment_status":"closed","ping_status":"open","template":"","meta":{"footnotes":""},"class_list":["post-2","page","type-page","status-publish","hentry"],"_links":{"self":[{"href":"http:\/\/mojaszansa.7cubes.pl\/index.php?rest_route=\/wp\/v2\/pages\/2","targetHints":{"allow":["GET"]}}],"collection":[{"href":"http:\/\/mojaszansa.7cubes.pl\/index.php?rest_route=\/wp\/v2\/pages"}],"about":[{"href":"http:\/\/mojaszansa.7cubes.pl\/index.php?rest_route=\/wp\/v2\/types\/page"}],"author":[{"embeddable":true,"href":"http:\/\/mojaszansa.7cubes.pl\/index.php?rest_route=\/wp\/v2\/users\/1"}],"replies":[{"embeddable":true,"href":"http:\/\/mojaszansa.7cubes.pl\/index.php?rest_route=%2Fwp%2Fv2%2Fcomments&post=2"}],"version-history":[{"count":1,"href":"http:\/\/mojaszansa.7cubes.pl\/index.php?rest_route=\/wp\/v2\/pages\/2\/revisions"}],"predecessor-version":[{"id":8,"href":"http:\/\/mojaszansa.7cubes.pl\/index.php?rest_route=\/wp\/v2\/pages\/2\/revisions\/8"}],"wp:attachment":[{"href":"http:\/\/mojaszansa.7cubes.pl\/index.php?rest_route=%2Fwp%2Fv2%2Fmedia&parent=2"}],"curies":[{"name":"wp","href":"https:\/\/api.w.org\/{rel}","templated":true}]}}